{"id":940,"date":"2017-01-21T09:44:57","date_gmt":"2017-01-21T09:44:57","guid":{"rendered":"http:\/\/traumaberatung-nordhessen.de\/?page_id=940"},"modified":"2018-06-26T08:58:01","modified_gmt":"2018-06-26T08:58:01","slug":"datenschutz","status":"publish","type":"page","link":"https:\/\/traumaberatung-nordhessen.de\/?page_id=940","title":{"rendered":"Datenschutz"},"content":{"rendered":"<h2>Mit wem haben Sie es zu tun:<\/h2>\n<p>Die Adresse meiner Website ist: http:\/\/traumaberatung-nordhessen.de.<\/p>\n<p>Verantwortliche im Sinne der Datenschutz-Grundverordnung, sonstiger in den Mitgliedstaaten der Europ\u00e4ischen Union geltenden Datenschutzgesetze und anderer Bestimmungen mit datenschutzrechtlichem Charakter ist:<\/p>\n<p>Dipl.Sozialarbeiterin\/Heilpraktikerin f\u00fcr Psychotherapie<br \/>\nCornelia Umbach, Im M\u00fclmischtal 6, 34327 K\u00f6rle<\/p>\n<p>Telefon: 05665-921221<br \/>\nE-Mail: Traumatherapie-Umbach@t-online.de<\/p>\n<p>Website: <a href=\"http:\/\/www.traumaberatung.eu\">www.traumaberatung.eu<\/a><\/p>\n<p>In Hessen ist in allen Datenschutzangelegenheiten zust\u00e4ndig:<\/p>\n<p>Prof. Dr. Michal Ronellenfitsch<br \/>\nHessischer Datenschutzbeauftragter<br \/>\nPostfach 3163<br \/>\n65021 Wiesbaden<br \/>\noder:<br \/>\nGustav- Stresemann-Ring 1<br \/>\n65189 Wiesbaden<\/p>\n<h2>Datenschutzerkl\u00e4rung:<\/h2>\n<p>Wir freuen uns \u00fcber Ihr Interesse an unserer Webseite www.traumaberatung-nordhessen.de.<br \/>\nDer Schutz Ihrer Privatsph\u00e4re ist f\u00fcr uns sehr wichtig.<br \/>\nNachstehend informieren wir Sie ausf\u00fchrlich \u00fcber den Umgang mit Ihren Daten.<br \/>\n&nbsp;<br \/>\nDiese Datenschutzerkl\u00e4rung ist unabh\u00e4ngig von den verwendeten Domains, Systemen, Plattformen und Ger\u00e4ten (z.B. Desktop oder Mobile) auf denen das Onlineangebot ausgef\u00fchrt wird g\u00fcltig.<br \/>\nDie verwendeten Begrifflichkeiten, wie z.B. \u201epersonenbezogene Daten\u201c oder deren \u201eVerarbeitung\u201c verweisen wir auf die Definitionen im Art. 4 der Datenschutzgrundverordnung (DSGVO).<\/p>\n<p>&nbsp;<\/p>\n<h2>Wie gehen wir mit Ihren Daten um?<\/h2>\n<p><strong>&nbsp;<\/strong><\/p>\n<p><strong>Server-Log- Files<br \/>\n<\/strong><br \/>\nDer Provider der Seiten erhebt und speichert automatisch Informationen in so genannten Server-Log Files, die Ihr Browser automatisch an uns \u00fcbermittelt. Dies sind:<\/p>\n<ul>\n<li>Browsertyp und Browserversion<\/li>\n<li>verwendetes Betriebssystem<\/li>\n<li>Referrer URL<\/li>\n<li>Hostname des zugreifenden Rechners<\/li>\n<li>Uhrzeit der Serveranfrage<\/li>\n<\/ul>\n<p>Diese Daten sind nicht bestimmten Personen zuordenbar. Eine Zusammenf\u00fchrung dieser Daten mit anderen Datenquellen wird nicht vorgenommen. Wir behalten uns vor, diese Daten nachtr\u00e4glich zu pr\u00fcfen, wenn uns konkrete Anhaltspunkte f\u00fcr eine rechtswidrige Nutzung bekannt werden.<\/p>\n<h2>Sicherheit:<\/h2>\n<p>Wir treffen organisatorische, vertragliche und technische Sicherheitsma\u00dfnahmen entsprechend dem Stand der Technik, um sicherzustellen, dass die Vorschriften der Datenschutzgesetze eingehalten werden und um damit die durch uns verarbeiteten Daten gegen zuf\u00e4llige oder vors\u00e4tzliche Manipulationen, Verlust, Zerst\u00f6rung oder gegen den Zugriff unberechtigter Personen zu sch\u00fctzen.<\/p>\n<p>\u200bUm die Sicherheit Ihrer Daten bei der \u00dcbertragung zu sch\u00fctzen, verwenden wir dem aktuellen Stand der Technik entsprechende Verschl\u00fcsselungsverfahren \u00fcber HTTPS.<\/p>\n<p>\u200b<\/p>\n<h2>Weitergabe Ihrer Daten an Dritte:<\/h2>\n<p>\u200bEine Weitergabe Ihrer Daten an Dritte findet nur im Rahmen der gesetzlichen Vorgaben statt. Ihre Daten werden nicht verkauft, vermietet oder in anderer Weise Dritten zur Verf\u00fcgung gestellt. Wir geben Ihre Daten an Dritte nur dann weiter, wenn dies z.B. auf Grundlage des Art. 6 Abs. 1 lit. b) DSGVO f\u00fcr Vertragszwecke erforderlich ist oder auf Grundlage berechtigter Interessen gem. Art. 6 Abs. 1 lit. f. DSGVO an wirtschaftlichem und effektivem Betrieb unseres Gesch\u00e4ftsbetriebes.<\/p>\n<p>\u200bSofern im Rahmen dieser Datenschutzerkl\u00e4rung Inhalte, Werkzeuge oder sonstige Mittel von anderen Anbietern (Drittanbieter) eingesetzt werden und deren Sitz sich in einem Drittland befindet, ist davon auszugehen, dass ein Datentransfer in die Sitzstaaten der Drittanbieter stattfindet. Als Drittstaaten sind L\u00e4nder zu verstehen, in denen die Datenschutzgrundverordnung kein unmittelbar geltendes Recht ist, d.h. grunds\u00e4tzlich L\u00e4nder au\u00dferhalb der EU, bzw. des Europ\u00e4ischen Wirtschaftsraums. Die \u00dcbermittlung Ihrer Daten in Drittstaaten erfolgt entweder, wenn ein angemessenes Datenschutzniveau, eine Einwilligung der Nutzer oder sonst eine gesetzliche Erlaubnis vorliegt.<\/p>\n<p>\u200b<\/p>\n<h2>Kontaktaufnahme:<\/h2>\n<p>\u200bTreten Sie per E-Mail oder Kontaktformular mit uns in Kontakt, werden die von Ihnen gemachten Angaben wie z.B. Name, E-Mail Adresse, Telefonnummer, Betreff und Ihre Nachricht, zum Zwecke der Bearbeitung der Anfrage sowie f\u00fcr m\u00f6gliche Anschlussfragen gespeichert.<\/p>\n<h2>Recht auf Auskunft, L\u00f6schung, Sperrung:<\/h2>\n<p><strong>\u200b<\/strong>Sie haben jederzeit das Recht auf unentgeltliche Auskunft \u00fcber Ihre gespeicherten personenbezogenen Daten, deren Herkunft und Empf\u00e4nger und den Zweck der Datenverarbeitung sowie ein Recht auf Berichtigung, Sperrung oder L\u00f6schung dieser Daten. Hierzu sowie zu weiteren Fragen zum Thema personenbezogene Daten k\u00f6nnen Sie sich jederzeit unter der im Impressum angegebenen Adresse an uns wenden.<\/p>\n<p>\u200b<\/p>\n<h2>Cookies:<\/h2>\n<p>Auf unserer Webseite kommen sogenannte Cookies zum Einsatz. Cookies sind kleine Textdateien, die von einem Webseitenserver auf Ihrem Computer \u00fcbertragen werden.<\/p>\n<p>Wir nutzen Cookies zum einen, um besser zu verstehen, wie unsere Webseite genutzt wird und um deren Attraktivit\u00e4t, Inhalt und Funktionalit\u00e4t zu verbessern. Einige der von uns verwendeten Cookies werden nach Ende der Browser-Sitzung, also nach Schlie\u00dfen Ihres Browsers, wieder gel\u00f6scht (sog. Sitzungs-Cookies). Andere Cookies verbleiben auf Ihrem Endger\u00e4t und erm\u00f6glichen uns, Ihren Browser beim n\u00e4chsten Besuch wiederzuerkennen (persistente Cookies). Cookies helfen uns beispielsweise zu bestimmen, ob und welche Unterseiten unserer Webseite besucht werden und f\u00fcr welche Inhalte sich Nutzer interessieren. Eine Erhebung oder Speicherung Ihrer personenbezogenen Daten findet im Rahmen der Verwendung von Cookies nicht statt.<\/p>\n<p>\u200bNat\u00fcrlich k\u00f6nnen Sie unsere Webseite grunds\u00e4tzlich auch ohne Cookies betrachten. Internet-Browser sind regelm\u00e4\u00dfig so eingestellt, dass sie Cookies akzeptieren. Sie k\u00f6nnen die Verwendung von Cookies jederzeit \u00fcber die Einstellungen Ihres Browsers deaktivieren.<\/p>\n<p>\u200bBitte beachten Sie, dass einzelne Funktionen unserer Webseite m\u00f6glicherweise nicht funktionieren, wenn Sie die Verwendung von Cookies deaktiviert haben.<\/p>\n<p>&nbsp;<\/p>\n<h2>Widerspruch Werbe-E-Mails und Nutzung der im Impressum angegebenen Kontaktdaten:<\/h2>\n<p>\u200bDer Nutzung von im Rahmen der Impressumspflicht ver\u00f6ffentlichten Kontaktdaten zur \u00dcbersendung von nicht ausdr\u00fccklich angeforderter Werbung und Informationsmaterialien wird hiermit widersprochen. Die Betreiber der Seiten behalten sich ausdr\u00fccklich rechtliche Schritte im Falle der unverlangten Zusendung von Werbeinformationen, etwa durch Spam-E-Mails, vor.<\/p>\n<p>\u200b<\/p>\n<p>&nbsp;Quelle: www.e-recht24.de<\/p>\n","protected":false},"excerpt":{"rendered":"<p>Mit wem haben Sie es zu tun: Die Adresse meiner Website ist: http:\/\/traumaberatung-nordhessen.de. Verantwortliche im Sinne der Datenschutz-Grundverordnung, sonstiger in den Mitgliedstaaten der Europ\u00e4ischen Union geltenden Datenschutzgesetze und anderer Bestimmungen mit datenschutzrechtlichem Charakter ist: Dipl.Sozialarbeiterin\/Heilpraktikerin f\u00fcr Psychotherapie Cornelia Umbach, Im&#8230;<br \/><a class=\"read-more-button\" href=\"https:\/\/traumaberatung-nordhessen.de\/?page_id=940\">Mehr Lesen<\/a><\/p>\n","protected":false},"author":1,"featured_media":0,"parent":0,"menu_order":0,"comment_status":"closed","ping_status":"closed","template":"","meta":{"ngg_post_thumbnail":0,"footnotes":""},"class_list":["post-940","page","type-page","status-publish","hentry"],"_links":{"self":[{"href":"https:\/\/traumaberatung-nordhessen.de\/index.php?rest_route=\/wp\/v2\/pages\/940","targetHints":{"allow":["GET"]}}],"collection":[{"href":"https:\/\/traumaberatung-nordhessen.de\/index.php?rest_route=\/wp\/v2\/pages"}],"about":[{"href":"https:\/\/traumaberatung-nordhessen.de\/index.php?rest_route=\/wp\/v2\/types\/page"}],"author":[{"embeddable":true,"href":"https:\/\/traumaberatung-nordhessen.de\/index.php?rest_route=\/wp\/v2\/users\/1"}],"replies":[{"embeddable":true,"href":"https:\/\/traumaberatung-nordhessen.de\/index.php?rest_route=%2Fwp%2Fv2%2Fcomments&post=940"}],"version-history":[{"count":5,"href":"https:\/\/traumaberatung-nordhessen.de\/index.php?rest_route=\/wp\/v2\/pages\/940\/revisions"}],"predecessor-version":[{"id":1169,"href":"https:\/\/traumaberatung-nordhessen.de\/index.php?rest_route=\/wp\/v2\/pages\/940\/revisions\/1169"}],"wp:attachment":[{"href":"https:\/\/traumaberatung-nordhessen.de\/index.php?rest_route=%2Fwp%2Fv2%2Fmedia&parent=940"}],"curies":[{"name":"wp","href":"https:\/\/api.w.org\/{rel}","templated":true}]}}