{"id":901,"date":"2017-01-05T12:45:40","date_gmt":"2017-01-05T12:45:40","guid":{"rendered":"http:\/\/traumaberatung-nordhessen.de\/?page_id=901"},"modified":"2025-01-03T07:38:16","modified_gmt":"2025-01-03T07:38:16","slug":"therapie","status":"publish","type":"page","link":"https:\/\/traumaberatung-nordhessen.de\/?page_id=901","title":{"rendered":"Therapie"},"content":{"rendered":"<p>Seit etwa&nbsp; 2000 befasse ich mich mit dem Thema Psychotraumatologie, zun\u00e4chst als Fachberaterin f\u00fcr Psychotraumatologie (DeGPt-zertifiziert).<br \/>\nNach meiner dreij\u00e4hrigen Ausbildung in Somatic experiencing (Peter A. Levine) (2009-2012) und der amtlichen Erlaubnis, die Heilkunde als Heilpraktikerin eingeschr\u00e4nkt f\u00fcr Psychotherapie ohne \u00e4rztliche Bestallung berufsm\u00e4\u00dfig aus\u00fcben zu d\u00fcrfen (15.04.2014), biete ich im Rahmen meiner Praxis Trauma- und Psychotherapie an. Die Hypnosetherapie vervollst\u00e4ndigt mein Angebot.<\/p>\n<p>Mein Praxisangebot umfasst:<\/p>\n<ul>\n<li style=\"list-style-type: none;\">\n<ul>\n<li>Hypnosetherapie (TMI)<\/li>\n<li>Somatic Experiencing nach Peter A. Levine (USA) &#8211; Traumabew\u00e4ltigung<\/li>\n<li>Psychologische Symbolarbeit nach Schneider<\/li>\n<li>Psychotherapie \/ Gespr\u00e4chstherapie<\/li>\n<li>Psychoonkologische Beratung (TMI)<\/li>\n<\/ul>\n<\/li>\n<\/ul>\n<p>Eine Voraussetzung f\u00fcr eine erfolgreiche Therapie ist Ihre Mitarbeit. Ohne diese kann keine Methode erfolgreich sein. Welche der Methoden bei Ihnen zur Anwendung kommt ergibt sich aus dem Erstgespr\u00e4ch und individuellem Therapieverlauf.&nbsp;<\/p>\n<p>Einen \u00dcberblick \u00fcber meine Ausbildung finden Sie unter der Rubrik<br \/>\n<a href=\"http:\/\/traumaberatung-nordhessen.de\/?page_id=13\">&#8222;\u00dcber mich&#8220;<\/a><\/p>\n<p>Haben Sie noch Fragen? Einfach mailen: Traumatherapie-Umbach@t-online.de. Rufnummer hinterlassen und ich melde mich, so schnell wie m\u00f6glich.<\/p>\n<p>&nbsp;<\/p>\n<p>&nbsp;<\/p>\n<p>&nbsp;<\/p>\n","protected":false},"excerpt":{"rendered":"<p>Seit etwa&nbsp; 2000 befasse ich mich mit dem Thema Psychotraumatologie, zun\u00e4chst als Fachberaterin f\u00fcr Psychotraumatologie (DeGPt-zertifiziert). Nach meiner dreij\u00e4hrigen Ausbildung in Somatic experiencing (Peter A. Levine) (2009-2012) und der amtlichen Erlaubnis, die Heilkunde als Heilpraktikerin eingeschr\u00e4nkt f\u00fcr Psychotherapie ohne \u00e4rztliche&#8230;<br \/><a class=\"read-more-button\" href=\"https:\/\/traumaberatung-nordhessen.de\/?page_id=901\">Mehr Lesen<\/a><\/p>\n","protected":false},"author":3,"featured_media":0,"parent":0,"menu_order":3,"comment_status":"closed","ping_status":"closed","template":"","meta":{"ngg_post_thumbnail":0,"footnotes":""},"class_list":["post-901","page","type-page","status-publish","hentry"],"_links":{"self":[{"href":"https:\/\/traumaberatung-nordhessen.de\/index.php?rest_route=\/wp\/v2\/pages\/901","targetHints":{"allow":["GET"]}}],"collection":[{"href":"https:\/\/traumaberatung-nordhessen.de\/index.php?rest_route=\/wp\/v2\/pages"}],"about":[{"href":"https:\/\/traumaberatung-nordhessen.de\/index.php?rest_route=\/wp\/v2\/types\/page"}],"author":[{"embeddable":true,"href":"https:\/\/traumaberatung-nordhessen.de\/index.php?rest_route=\/wp\/v2\/users\/3"}],"replies":[{"embeddable":true,"href":"https:\/\/traumaberatung-nordhessen.de\/index.php?rest_route=%2Fwp%2Fv2%2Fcomments&post=901"}],"version-history":[{"count":5,"href":"https:\/\/traumaberatung-nordhessen.de\/index.php?rest_route=\/wp\/v2\/pages\/901\/revisions"}],"predecessor-version":[{"id":1473,"href":"https:\/\/traumaberatung-nordhessen.de\/index.php?rest_route=\/wp\/v2\/pages\/901\/revisions\/1473"}],"wp:attachment":[{"href":"https:\/\/traumaberatung-nordhessen.de\/index.php?rest_route=%2Fwp%2Fv2%2Fmedia&parent=901"}],"curies":[{"name":"wp","href":"https:\/\/api.w.org\/{rel}","templated":true}]}}