{"id":847,"date":"2016-12-15T12:17:36","date_gmt":"2016-12-15T12:17:36","guid":{"rendered":"http:\/\/traumaberatung-nordhessen.de\/?page_id=847"},"modified":"2025-01-03T07:39:36","modified_gmt":"2025-01-03T07:39:36","slug":"methoden","status":"publish","type":"page","link":"https:\/\/traumaberatung-nordhessen.de\/?page_id=847","title":{"rendered":"Methoden"},"content":{"rendered":"<p>&#8222;Es ist alles schon da, Du musst es nur finden&#8220;<\/p>\n<p>Ich glaube daran, dass in jedem von uns die <strong>L\u00f6sung vorhanden<\/strong> ist. Eigene Erfahrungen und viele Sitzungen mit meinen Klientinnen und Klienten haben das in der Vergangenheit bewiesen.<br \/>\nOft geht es um die Vollendung von Verteidigungsreaktionen, die nicht erfolgreich zum Abschluss gebracht werden konnten. Dies kann von kleinen Kr\u00e4nkungen bis zu extremen Traumatisierungen der Fall sein.<\/p>\n<p>Hier geht es darum, diese Abbr\u00fcche in dem nat\u00fcrlichen Verlauf mental und k\u00f6rperlich zu Ende zu bringen.<br \/>\nMethoden wie &#8222;Psychologische Symbolarbeit&#8220;, &#8222;Somatic Experiencing&#8220; und &#8222;Hypnose&#8220;&nbsp; helfen dabei, die individuellen &#8222;Nachhol-Bew\u00e4ltigungsstrategien&#8220; in Gang zu bringen und Vergangenheit endlich Vergangenheit werden zu lassen.<\/p>\n<p><span style=\"color: #0000ff;\"><em>&#8222;Vergangenheit ist dann Vergangenheit, wenn sie nicht mehr weh tut&#8220; (Quelle unbekannt)<\/em><\/span><\/p>\n<p>Seit 2018 gibt es&nbsp; einen weiteren Schwerpunkt&nbsp; in meiner Praxis:<br \/>\nDie <strong>Hypno-Psycho-Onkologie.<\/strong> Ein Angebot f\u00fcr Menschen mit\/nach Krebserkrankungen und deren Angeh\u00f6rige.<\/p>\n<p>&nbsp;<\/p>\n<h6>Womit arbeite ich und was ist mir wichtig:<\/h6>\n<p>Ich gehe mal der Reihe nach vor:<\/p>\n<p>Gelernt habe ich im <strong>Studium der Sozialen Arbeit &#8222;klientenzentrierte Gespr\u00e4chsf\u00fchrung&#8220;,<\/strong> d.h. die Orientierung an dem, was Sie mitbringen, mit der \u00dcberzeugung, dass Sie bereits die L\u00f6sung Ihrer Probleme (auf unbewusste Ebene) kennen.<\/p>\n<p>Wie ein Zahnr\u00e4dchen ins andere greift, sind mir im weiteren Verlauf Seminare und Fortbildungen &#8222;\u00fcber den Weg gelaufen&#8220;, die sich wie ein roter Faden durch meine berufliche Biografie ziehen.<\/p>\n<p>So absolvierte ich zum Ende des Studiums eine Fachfortbildung als <strong>Fachberaterin f\u00fcr Psychotraumtologie<\/strong>, f\u00fcr die ich inzwischen auch die Anerkennung der DeGPT (Deutsche Gesellschaft f\u00fcr Psychotraumtologie) besitze.<\/p>\n<p>Gefolgt von <strong>Somatic Experiencing<\/strong> (k\u00f6rperliches Erleben), entwickelt und erforscht seit mehr als 40 Jahren&nbsp; von Peter A. Levine aus den USA. Dabei handelt es sich um ein Basiskonzept&nbsp; zur Bew\u00e4ltigung traumatischer Erfahrungen. In diesem Bereich belege ich regelm\u00e4\u00dfig vertiefende Seminare.&nbsp;<\/p>\n<p>Die logische Konsequenz war der Abschluss und die Zulassung als <strong>Heilpraktikerin f\u00fcr Psychotherapie<\/strong>, um meine Methoden auch therapeutisch einsetzen zu d\u00fcrfen und, was f\u00fcr mich nicht weniger wichtig war, ein fundierteres Wissen \u00fcber die psychischen&nbsp; Erkrankungen und deren Diagnostik zu bekommen.<\/p>\n<p>Doch damit nicht genug, begegnete mir die <strong>Psychologische Symbolarbeit<\/strong> nach Wilfried Schneider\u00a9 und die <strong>Hypnose<\/strong> (TMI). Verschiedene kleine Seminare und deren Methoden fanden Einzug in die Praxis (Emotional freedom technique &#8211; EFT) &#8211; siehe auch&nbsp; <a href=\"http:\/\/traumaberatung-nordhessen.de\/?page_id=13\" target=\"_blank\" rel=\"noopener noreferrer\">&#8222;\u00dcber mich&#8220;<\/a><\/p>\n<p>Mit diesem wunderbar aufeinander abgestimmten Methoden- Cocktail l\u00e4sst es sich hervorragend individuell angepasst arbeiten. F\u00fcr jeden einzelnen Bereich besuche ich nach wie vor tiefer gehende Seminare, um bestm\u00f6glichst f\u00fcr Sie ausgebildet zu sein.&nbsp;<\/p>\n<p>Gerne beantworte ich Ihnen weitere Fragen.<\/p>\n<p>&nbsp;<\/p>\n","protected":false},"excerpt":{"rendered":"<p>&#8222;Es ist alles schon da, Du musst es nur finden&#8220; Ich glaube daran, dass in jedem von uns die L\u00f6sung vorhanden ist. Eigene Erfahrungen und viele Sitzungen mit meinen Klientinnen und Klienten haben das in der Vergangenheit bewiesen. Oft geht&#8230;<br \/><a class=\"read-more-button\" href=\"https:\/\/traumaberatung-nordhessen.de\/?page_id=847\">Mehr Lesen<\/a><\/p>\n","protected":false},"author":3,"featured_media":0,"parent":0,"menu_order":4,"comment_status":"closed","ping_status":"closed","template":"","meta":{"ngg_post_thumbnail":0,"footnotes":""},"class_list":["post-847","page","type-page","status-publish","hentry"],"_links":{"self":[{"href":"https:\/\/traumaberatung-nordhessen.de\/index.php?rest_route=\/wp\/v2\/pages\/847","targetHints":{"allow":["GET"]}}],"collection":[{"href":"https:\/\/traumaberatung-nordhessen.de\/index.php?rest_route=\/wp\/v2\/pages"}],"about":[{"href":"https:\/\/traumaberatung-nordhessen.de\/index.php?rest_route=\/wp\/v2\/types\/page"}],"author":[{"embeddable":true,"href":"https:\/\/traumaberatung-nordhessen.de\/index.php?rest_route=\/wp\/v2\/users\/3"}],"replies":[{"embeddable":true,"href":"https:\/\/traumaberatung-nordhessen.de\/index.php?rest_route=%2Fwp%2Fv2%2Fcomments&post=847"}],"version-history":[{"count":5,"href":"https:\/\/traumaberatung-nordhessen.de\/index.php?rest_route=\/wp\/v2\/pages\/847\/revisions"}],"predecessor-version":[{"id":1474,"href":"https:\/\/traumaberatung-nordhessen.de\/index.php?rest_route=\/wp\/v2\/pages\/847\/revisions\/1474"}],"wp:attachment":[{"href":"https:\/\/traumaberatung-nordhessen.de\/index.php?rest_route=%2Fwp%2Fv2%2Fmedia&parent=847"}],"curies":[{"name":"wp","href":"https:\/\/api.w.org\/{rel}","templated":true}]}}