{"id":842,"date":"2016-12-15T12:14:47","date_gmt":"2016-12-15T12:14:47","guid":{"rendered":"http:\/\/traumaberatung-nordhessen.de\/?page_id=842"},"modified":"2025-01-03T07:36:06","modified_gmt":"2025-01-03T07:36:06","slug":"ihr-anliegen","status":"publish","type":"page","link":"https:\/\/traumaberatung-nordhessen.de\/?page_id=842","title":{"rendered":"Ihr Anliegen"},"content":{"rendered":"<p><span style=\"color: #ff0000;\">&nbsp;<\/span><\/p>\n<p><strong>Erkennen Sie sich wieder?<\/strong><\/p>\n<p>\u2666 &#8222;Wie soll ich diese <strong>Krise<\/strong> nur alleine bew\u00e4ltigen? Ich habe zig Therapeuten angerufen, das dauert Monate, bis man einen Termin bekommt um tats\u00e4chlich eine Therapie zu beginnen. <strong>Aber mir geht es jetzt schlecht. Ich brauche jetzt Hilfe.&#8220;<\/strong><\/p>\n<p>\u2666 &#8222;Diese Angst und Depression &#8211; ob ich die je loswerde? <strong>Irgendwie wird es immer schlimmer&#8220;<\/strong><\/p>\n<p>\u2666 &#8222;Meine Symptome werden&nbsp; <strong>immer mehr<\/strong>.&#8220;<\/p>\n<p>\u2666 &#8222;Es ist, als w\u00e4re ich total <strong>blockiert<\/strong>, ich komme nicht vorran, obwohl ich schon so viel versucht habe. Ich f\u00fchle mich irgendwie blockiert.&#8220;<\/p>\n<p>\u2666&#8220;Irgendwie<strong> versteht<\/strong> mich keiner.&#8220;&nbsp;<\/p>\n<p>\u2666 &#8230;<\/p>\n<p><span style=\"color: #003366;\">Was, wenn es doch m\u00f6glich w\u00e4re, etwas zu \u00e4ndern?<\/span><\/p>\n<p>&nbsp;<\/p>\n<p><strong>Behandlungsm\u00f6glichkeiten:<\/strong><\/p>\n<ul>\n<li>\u00c4ngste &amp; Phobien<\/li>\n<li>Burnout<\/li>\n<li>Depression &amp; Verstimmungen<\/li>\n<li>Gewichtsreduktion<\/li>\n<li>Pr\u00fcfungs\u00e4ngste<\/li>\n<li>Pr\u00fcfungsvorbereitung<\/li>\n<li>Rauchentw\u00f6hnung<\/li>\n<li>Schmerzst\u00f6rungen<\/li>\n<li>Trauerreaktionen<\/li>\n<li>Traumafolgest\u00f6rungen<\/li>\n<li>Unterst\u00fctzung nach Krebserkrankungen f\u00fcr Betroffene und Angeh\u00f6rige<\/li>\n<li>&#8230;<\/li>\n<\/ul>\n<p>&nbsp;<\/p>\n<p><a href=\"http:\/\/traumaberatung-nordhessen.de\/wp-content\/uploads\/Hilft-mir-das-die-Eingangsfragen.pdf\" target=\"_blank\" rel=\"noopener noreferrer\">Hilft mir das &#8211; die Eingangsfragen<\/a> Bitte Link anclicken<\/p>\n<p>Wenn Sie die Eingangsfragen f\u00fcr sich kl\u00e4ren konnten, k\u00f6nnen wir gerne einen Termin vereinbaren. In einem Erstgespr\u00e4ch schauen wir, ob die Chemie stimmt und ob meine Methoden (Hypnose, Psychologische Symbolarbeit,Somatic Experiencing,&#8230;) f\u00fcr Sie hilfreich sein k\u00f6nnen.<\/p>\n<p><strong>Haben Sie noch Fragen?<\/strong><\/p>\n<p>Dann nehmen Sie JETZT mit mir Kontakt auf.<\/p>\n<p>Senden Sie mir bitte eine E-Mail an Traumatherapie-Umbach @ t-online.de und wenn Sie es w\u00fcnschen,&nbsp; vereinbaren wir zun\u00e4chst ein kostenloses telefonisches Vorgespr\u00e4ch.<br \/>\nIch versuche immer zeitnah zur\u00fcckzurufen. Das gelingt mir nicht immer. Ich bitte dies zu entschuldigen.<\/p>\n<p>&nbsp;<\/p>\n<p>Infos zu Wartezeiten und Kosten finden Sie unter Wartezeiten und Kosten.<\/p>\n<p>Ich freue mich Sie kennenzulernen, um Sie evtl. ein St\u00fcck Ihres Weges begleiten zu d\u00fcrfen.<\/p>\n<p>&nbsp;<\/p>\n<p>&nbsp;<\/p>\n<p>&nbsp;<\/p>\n<p>&nbsp;<\/p>\n<p>&nbsp;<\/p>\n<p>&nbsp;<\/p>\n<p>&nbsp;<\/p>\n","protected":false},"excerpt":{"rendered":"<p>&nbsp; Erkennen Sie sich wieder? \u2666 &#8222;Wie soll ich diese Krise nur alleine bew\u00e4ltigen? Ich habe zig Therapeuten angerufen, das dauert Monate, bis man einen Termin bekommt um tats\u00e4chlich eine Therapie zu beginnen. Aber mir geht es jetzt schlecht. Ich&#8230;<br \/><a class=\"read-more-button\" href=\"https:\/\/traumaberatung-nordhessen.de\/?page_id=842\">Mehr Lesen<\/a><\/p>\n","protected":false},"author":3,"featured_media":0,"parent":0,"menu_order":2,"comment_status":"closed","ping_status":"closed","template":"","meta":{"ngg_post_thumbnail":0,"footnotes":""},"class_list":["post-842","page","type-page","status-publish","hentry"],"_links":{"self":[{"href":"https:\/\/traumaberatung-nordhessen.de\/index.php?rest_route=\/wp\/v2\/pages\/842","targetHints":{"allow":["GET"]}}],"collection":[{"href":"https:\/\/traumaberatung-nordhessen.de\/index.php?rest_route=\/wp\/v2\/pages"}],"about":[{"href":"https:\/\/traumaberatung-nordhessen.de\/index.php?rest_route=\/wp\/v2\/types\/page"}],"author":[{"embeddable":true,"href":"https:\/\/traumaberatung-nordhessen.de\/index.php?rest_route=\/wp\/v2\/users\/3"}],"replies":[{"embeddable":true,"href":"https:\/\/traumaberatung-nordhessen.de\/index.php?rest_route=%2Fwp%2Fv2%2Fcomments&post=842"}],"version-history":[{"count":5,"href":"https:\/\/traumaberatung-nordhessen.de\/index.php?rest_route=\/wp\/v2\/pages\/842\/revisions"}],"predecessor-version":[{"id":1471,"href":"https:\/\/traumaberatung-nordhessen.de\/index.php?rest_route=\/wp\/v2\/pages\/842\/revisions\/1471"}],"wp:attachment":[{"href":"https:\/\/traumaberatung-nordhessen.de\/index.php?rest_route=%2Fwp%2Fv2%2Fmedia&parent=842"}],"curies":[{"name":"wp","href":"https:\/\/api.w.org\/{rel}","templated":true}]}}