{"id":5,"date":"2011-10-19T18:08:48","date_gmt":"2011-10-19T18:08:48","guid":{"rendered":"http:\/\/traumaberatung-nordhessen.de\/?page_id=5"},"modified":"2025-01-03T07:28:52","modified_gmt":"2025-01-03T07:28:52","slug":"home","status":"publish","type":"page","link":"https:\/\/traumaberatung-nordhessen.de\/","title":{"rendered":"Praxis f\u00fcr Hypnose, Somatic Experiencing  und Psychotherapie (HPP)"},"content":{"rendered":"<h2 style=\"text-align: center;\">&nbsp;<\/h2>\n<h3>&nbsp;<\/h3>\n<h3>&nbsp;<\/h3>\n<h3 style=\"text-align: center;\"><span style=\"color: #ff0000;\">Begleitung? <\/span><\/h3>\n<h3 style=\"text-align: center;\"><span style=\"color: #ff0000;\">Jemand an Ihrer Seite, zum ZUh\u00f6ren, zum PROblemel\u00f6sen, zum AUFarbeiten&#8230; <br>Online Europaweit und vor Ort in 34327 K\u00f6rle im sch\u00f6nen Nordhessen <br><\/span><\/h3>\n<p>&nbsp;<\/p>\n<p style=\"text-align: center;\">Das ist es, was ich besonders gerne mache.<\/p>\n<p style=\"text-align: center;\">Sch\u00f6n, dass Sie meine Seite gefunden haben und wenn alles passt, dann freue ich mich,<\/p>\n<p style=\"text-align: center;\">Sie eine Weile auf Ihrem Weg begleiten zu d\u00fcrfen.<\/p>\n<p>&nbsp;<\/p>\n<p style=\"text-align: center;\"><strong>Unterst\u00fctzt durch Hypnose, Somatic experiencing und\/oder Psychologische Symbolarbeit <br><\/strong><strong><br>. <\/strong><\/p>\n<p style=\"text-align: center;\">Tiergest\u00fctzte Angebote sind leider nicht mehr m\u00f6glich.<\/p>\n<p>&nbsp;<\/p>\n<p>Doch zun\u00e4chst ein paar Informationen:<\/p>\n<p>Mein Name ist Cornelia Umbach, ich bin Heilpraktikerin f\u00fcr Psychotherapie und befinde mich mit meiner Praxis in K\u00f6rle (Nordhessen).<\/p>\n<p>Aktuell biete ich Pr\u00e4senz und Online-Termine an. &nbsp;Das klappt sogar erstaunlich gut. Mein Arbeitsschwerpunkt lag in der Vergangenheit im Bereich der Traumabew\u00e4ltigung. Gute Voraussetzungen f\u00fcr die aktuelle Zeit.<\/p>\n<p>Per Online-Termin sind Gespr\u00e4chstermine, Entspannungsverfahren&nbsp; und Hypnosen m\u00f6glich (getestet und f\u00fcr gut befunden). Bitte beachten Sie, dass ich online keine Therapie, sondern allenfalls Begleitung und Beratung anbieten kann. Voraussetzung f\u00fcr Therapie ist ein pers\u00f6nlicher Kontakt.<\/p>\n<p><strong>Und so erreichen Sie mich JETZT:<\/strong> Sie erreichen mich per E-Mail unter Traumatherapie-Umbach @t-online.de (wegen Spam bitte Leerzeichen beachten) oder auch unter Hypnose-Nordhessen@ t-online.de<\/p>\n<p>Online-Termine nach Absprache \u00fcber einen zertifizierten Anbieter, wir kl\u00e4ren, was f\u00fcr Sie am einfachsten zu realisieren ist &#8211; Abrechnung m\u00f6glich&nbsp; als Vorauszahlung \u00fcber Paypal oder Vorkasse. \u00dcberweisungen sind nur f\u00fcr bestehende Klienten m\u00f6glich.<\/p>\n<p>Die mit 01.01.2025 angepassten Kosten finden Sie unter Wartezeiten und Kosten.<\/p>\n<p>&nbsp;<\/p>\n<p>&nbsp;<\/p>\n<p style=\"text-align: center;\">Klientenstimmen:<\/p>\n<p>&#8220; Die Hypnose war f\u00fcr mich sehr hilfreich und ich habe mich besser kennengelernt. Nach den Sitzungen f\u00fchlte ich mich gut und entspannter. Ich hatte neue Energie und einen Weg, mich mit mir zu besch\u00e4ftigen und den Zustand zu verbessern. Zudem habe ich viele positive Unterschiede zwischen Anfang und Ende der Therapie bemerkt. Durch die Hypnose habe ich eine bessere Lebensqualit\u00e4t erlangt.&#8220; Klientin, die mit Hilfe der Hypnose u.a. Zwangshandlungen einstellen konnte.<\/p>\n<p>&#8222;Ich war skeptisch, ob das klappt mit dem Rauchen aufzuh\u00f6ren, aber schon nach der ersten Sitzung war ich rauchfrei. Etwas nerv\u00f6s, aber auch daf\u00fcr gab es zahlreiche Tipps. Hilfreich war auch, dass ich meinen Willen ein wenig auf die Probe stellen musste, denn der Termin fand nur statt, nachdem&nbsp; ich 2 Tage vorher die letzte Zigarette geraucht habe.&#8220;Klient &#8211; Rauchentw\u00f6hnung 2+1 Paket.<\/p>\n<p>&#8222;Ich hatte einige Pr\u00fcfungen vor mir und habe in der Vergangenheit schon einige wegen extremer Pr\u00fcfungsangst nicht geschafft. Die Hypnose hat wirklich sehr gut geholfen. Alle bestanden auch wenn ich durchaus noch aufgeregt war. Und dank der Hypnose habe ich jetzt einen unbefristeten Job.&#8220; Klient, Pr\u00fcfungsangst&nbsp;<\/p>\n<p>&#8212;&#8212;&#8212;&#8212;&#8212;&#8212;&#8212;&#8212;&#8212;&#8212;&#8212;&#8212;&#8212;&#8212;&#8212;&#8212;&#8212;&#8212;&#8212;&#8212;&#8212;&#8212;&#8212;&#8212;&#8212;&#8212;&#8212;&#8212;&#8212;&#8212;&#8212;&#8212;&#8212;&#8212;&#8212;&#8212;&#8212;&#8212;&#8211;<\/p>\n<p style=\"text-align: center;\">Schauen Sie sich um und wenn Sie Fragen<br>haben gerne per E-Mail<br>Traumatherapie-Umbach at t-online.de<\/p>\n<p style=\"text-align: center;\">Sie finden mich&nbsp; &#8222;Im M\u00fclmischtal 6 in 3432K\u00f6rle&#8220;<\/p>\n<p><a href=\"http:\/\/traumaberatung-nordhessen.de\/wp-content\/uploads\/anhang1-scaled.jpg\"><img loading=\"lazy\" decoding=\"async\" class=\"aligncenter size-medium wp-image-1288\" src=\"http:\/\/traumaberatung-nordhessen.de\/wp-content\/uploads\/anhang1-300x225.jpg\" alt=\"\" width=\"300\" height=\"225\" srcset=\"https:\/\/traumaberatung-nordhessen.de\/wp-content\/uploads\/anhang1-300x225.jpg 300w, https:\/\/traumaberatung-nordhessen.de\/wp-content\/uploads\/anhang1-1024x768.jpg 1024w, https:\/\/traumaberatung-nordhessen.de\/wp-content\/uploads\/anhang1-768x576.jpg 768w, https:\/\/traumaberatung-nordhessen.de\/wp-content\/uploads\/anhang1-1536x1152.jpg 1536w, https:\/\/traumaberatung-nordhessen.de\/wp-content\/uploads\/anhang1-2048x1536.jpg 2048w, https:\/\/traumaberatung-nordhessen.de\/wp-content\/uploads\/anhang1-972x729.jpg 972w\" sizes=\"auto, (max-width: 300px) 100vw, 300px\" \/><\/a><\/p>\n<p>&nbsp;<\/p>\n<p>&nbsp;<\/p>\n<p style=\"text-align: center;\">Diese Homepage wurde zuletzt aktualisiert im Januar 2025<\/p>\n<p>&nbsp;<\/p>\n<p>&nbsp;<\/p>\n<p>&nbsp;<\/p>\n<p>&nbsp;<\/p>\n<p>&nbsp;<\/p>\n<p>&nbsp;<\/p>\n<p>&nbsp;<\/p>\n<p>&nbsp;<\/p>\n<p>&nbsp;<\/p>\n<p>&nbsp;<\/p>\n<p>&nbsp;<\/p>\n<p>&nbsp;<\/p>\n<p>&nbsp;<\/p>\n<p>&nbsp;<\/p>\n<p>&nbsp;<\/p>\n<p>&nbsp;<\/p>\n<p>&nbsp;<\/p>\n<p>&nbsp;<\/p>\n<p>&nbsp;<\/p>\n<p>Suchw\u00f6rter: Beratung, Psychotherapie,&nbsp; Begleitung, Stabilisierung, \u00dcberbr\u00fcckungstherapie, \u00dcbergangstherapie,&nbsp; stabilisierende, Therapie, Trauma, Traumaarbeit, Traumatherapie, Traumaberatung, Nordhessen, Kassel, Melsungen, Felsberg, Spangenberg, Guxhagen, Hypnose, Hypnosetherapie, Hypnotherapie, Gewichtsreduktion, Abnehmen, Raucherentw\u00f6hnung, Rauchen aufh\u00f6ren, \u00c4ngste, Panik, Lerntraining, Coaching, Krise, Krebs, Psychoonkologie, Onkologie, Krebserkrankung, Seminare, Workshops, Fortbildung,<\/p>\n\n\n<p><\/p>\n","protected":false},"excerpt":{"rendered":"<p>&nbsp; &nbsp; &nbsp; Begleitung? Jemand an Ihrer Seite, zum ZUh\u00f6ren, zum PROblemel\u00f6sen, zum AUFarbeiten&#8230; Online Europaweit und vor Ort in 34327 K\u00f6rle im sch\u00f6nen Nordhessen &nbsp; Das ist es, was ich besonders gerne mache. Sch\u00f6n, dass Sie meine Seite gefunden&#8230;<br \/><a class=\"read-more-button\" href=\"https:\/\/traumaberatung-nordhessen.de\/\">Mehr Lesen<\/a><\/p>\n","protected":false},"author":1,"featured_media":0,"parent":0,"menu_order":1,"comment_status":"closed","ping_status":"open","template":"","meta":{"ngg_post_thumbnail":0,"footnotes":""},"class_list":["post-5","page","type-page","status-publish","hentry"],"_links":{"self":[{"href":"https:\/\/traumaberatung-nordhessen.de\/index.php?rest_route=\/wp\/v2\/pages\/5","targetHints":{"allow":["GET"]}}],"collection":[{"href":"https:\/\/traumaberatung-nordhessen.de\/index.php?rest_route=\/wp\/v2\/pages"}],"about":[{"href":"https:\/\/traumaberatung-nordhessen.de\/index.php?rest_route=\/wp\/v2\/types\/page"}],"author":[{"embeddable":true,"href":"https:\/\/traumaberatung-nordhessen.de\/index.php?rest_route=\/wp\/v2\/users\/1"}],"replies":[{"embeddable":true,"href":"https:\/\/traumaberatung-nordhessen.de\/index.php?rest_route=%2Fwp%2Fv2%2Fcomments&post=5"}],"version-history":[{"count":5,"href":"https:\/\/traumaberatung-nordhessen.de\/index.php?rest_route=\/wp\/v2\/pages\/5\/revisions"}],"predecessor-version":[{"id":1469,"href":"https:\/\/traumaberatung-nordhessen.de\/index.php?rest_route=\/wp\/v2\/pages\/5\/revisions\/1469"}],"wp:attachment":[{"href":"https:\/\/traumaberatung-nordhessen.de\/index.php?rest_route=%2Fwp%2Fv2%2Fmedia&parent=5"}],"curies":[{"name":"wp","href":"https:\/\/api.w.org\/{rel}","templated":true}]}}