{"id":13,"date":"2011-10-19T18:19:07","date_gmt":"2011-10-19T18:19:07","guid":{"rendered":"http:\/\/traumaberatung-nordhessen.de\/?page_id=13"},"modified":"2024-06-07T08:20:28","modified_gmt":"2024-06-07T08:20:28","slug":"mein-profil","status":"publish","type":"page","link":"https:\/\/traumaberatung-nordhessen.de\/?page_id=13","title":{"rendered":"\u00dcber mich"},"content":{"rendered":"<h3>&nbsp;&#8230;<\/h3>\n<p>&nbsp;<\/p>\n<h3>Zu meiner Person:<\/h3>\n<p>Mein Name: Cornelia Umbach, geb. 1961<\/p>\n<p><a href=\"http:\/\/traumaberatung-nordhessen.de\/wp-content\/uploads\/foto-conny.jpg\"><img loading=\"lazy\" decoding=\"async\" class=\"size-medium wp-image-1217 alignleft\" src=\"http:\/\/traumaberatung-nordhessen.de\/wp-content\/uploads\/foto-conny-300x200.jpg\" alt=\"\" width=\"300\" height=\"200\" srcset=\"https:\/\/traumaberatung-nordhessen.de\/wp-content\/uploads\/foto-conny-300x200.jpg 300w, https:\/\/traumaberatung-nordhessen.de\/wp-content\/uploads\/foto-conny-768x512.jpg 768w, https:\/\/traumaberatung-nordhessen.de\/wp-content\/uploads\/foto-conny-1024x682.jpg 1024w, https:\/\/traumaberatung-nordhessen.de\/wp-content\/uploads\/foto-conny-972x648.jpg 972w, https:\/\/traumaberatung-nordhessen.de\/wp-content\/uploads\/foto-conny.jpg 1658w\" sizes=\"auto, (max-width: 300px) 100vw, 300px\" \/><\/a><\/p>\n<p>&nbsp;<\/p>\n<h3>&nbsp;<\/h3>\n<h3>&nbsp;<\/h3>\n<h3>&nbsp;<\/h3>\n<h3>&nbsp;<\/h3>\n<h3>&nbsp;<\/h3>\n<p>&nbsp;<\/p>\n<h3>Meine Qualifikationen:<\/h3>\n<ul>\n<li style=\"list-style-type: none;\">\n<ul>\n<li>Ausbildung als Erzieherin an der Fachschule f\u00fcr Sozialp\u00e4dagogik in Fritzlar 3 Jahre &#8211; 2 Jahre Schule \/ 1 Anerkennungsjahr<\/li>\n<\/ul>\n<ul>\n<li>Studium Sozialwesen, Schwerpunkt Soziale Therapie, an der Uni Kassel von 2000 &#8211; 2005<\/li>\n<li>Heilpraktikerin f\u00fcr Psychotherapie 2014<\/li>\n<\/ul>\n<\/li>\n<\/ul>\n<h3>Weitere Qualifikationen:<\/h3>\n<ul>\n<li>Fachfortbildung Fachberaterin Psychotraumatologie beim Zentrum f\u00fcr Psychotraumatologie Kassel e.V. (1 Jahr &#8211; verschiedene Wochenenden) &#8211; Nachzertifiziert durch die Deutsche Gesellschaft f\u00fcr Psychotraumatologie DeGPT 2015<\/li>\n<li>Stressmanagement-Trainerin (Ahab-Akademie-Berlin) (2 Wochenend-Seminare)<\/li>\n<li>Kursleiterin Progressive Muskelentspannung (Ahab-Akademie-Berlin) (1 Wochenend &#8211; Seminar)<\/li>\n<li>Fortbildung im Bereich Mediation (mehrere Anbieter) (mehrere Wochenend-Seminare)<\/li>\n<li>Fachfortbildung p\u00e4dagogische und therapeutische Mensch-Tier-Begegnung bei Baba Yaga (ca 1,5 Jahre . verschiedene Wochenenden) &#8211; <a href=\"http:\/\/www.reithof-maruschka.de\/\" target=\"_blank\" rel=\"noopener noreferrer\"> www.reithof-maruschka.de<br \/>\n<\/a><\/li>\n<li>Fortbildung CIPBS &#8211; Ein integratives Verfahren zur schonenden Traumatherapie in der Arbeit mit Kindern und Jugendlichen &#8211; Kindertraumainstitut Offenburg (1 Wochenend-Seminar)<\/li>\n<li>Fortbildung Arbeit mit Symbolen (3 Tages Workshop) Wilfried Schneider www.schneider-therapiekoffer.de<\/li>\n<li>EFT &#8211; Klopf-Akkupressur<\/li>\n<li>Somatic experiencing SE Anwenderin &#8211; ein Basiskonzept zum Verst\u00e4ndnis, zur Vorbeugung und Bew\u00e4ltigung von Trauma nach Peter A. Levine &#8211; siehe auch www.somatic-experiencing.de (3 Jahre a 2 Wochen)<a href=\"http:\/\/traumaberatung-nordhessen.de\/wp-content\/uploads\/EAST-Zertifikat1.pdf\">&nbsp;&nbsp; Hier clicken (Ansicht SE-Zertifikat)<\/a><\/li>\n<li>Arbeiten mit Klienten, die keinen Zugang zu ihrem k\u00f6rperlichen Erleben haben &#8211; Seminar Dr. Laurence Heller, USA<\/li>\n<li>2 j\u00e4hrige Fortbildung Psychologische Symbolarbeit (www.psychologische-symbolarbeit.de) Abschluss im April 2016<\/li>\n<li>Hypnose-Ausbildung beim Thermedius Institut (TMI) permanente Fortbildung in unterschiedlichen Bereichen<br \/>\n2016 Modul 1 und 2 Grundlagen und Vertiefung<br \/>\n2017 Medizinische Hypnose<br \/>\n2018 Psychoonkologische Beraterin<br \/>\n2019 Wiederholung des Moduls 2 als weitere Vertiefung<br \/>\n2020 Modul Superlearning mit Hypnose<br \/>\n2021 Modul Online-Hypnose<br \/>\n2022 Modul Ahnenepigenetik<\/li>\n<li>2019\/2020 Fortbildung als ehrenamtliche Sterbebegleiterin (Hospizgruppe Melsungen\/Felsberg) &#8211; seit dem ehrenamtlich aktiv.<\/li>\n<\/ul>\n<h3>Berufserfahrung:<\/h3>\n<p>In eigener Praxis seit 2006.<\/p>\n<p>Erfahrung unter anderem im Bereich Begleitung und Betreuung psychisch Erkrankter und traumatisierter Menschen.<\/p>\n<p>Mitarbeiterin beim Traumazentrum Kassel (2007 &#8211; 2015) im Bereich Telefonberatung, Orientierungsberatung, Vortragsorganisation.<\/p>\n<p>Seit 2020 Mitarbeiterin Gesundheitsamt Kassel &#8211; seit dem 01.05.2022 als Dipl.-Sozialarbeiterin im Sozialpsychiatrischem Dienst.<\/p>\n<p>Assistenzbegleitung der Ausbildung Psychologische Symbolarbeit von Wilfried Schneider, Bregenz 2021-2023.<\/p>\n<p>Kassenanerkannte Stressbew\u00e4ltigungs- und Stabilisierungskurse seit 2007 &#8211; 2017<\/p>\n<p>Fortbildungen im Bereich Basisseminare zum Thema Psychotraumatologie f\u00fcr medizinische und sozialp\u00e4dagogische Einrichtungen, ebenso wie Selbstf\u00fcrsorgeseminare.<\/p>\n<p>P\u00e4dagogisch, therapeutische Angebote mit Pferden von 2007 &#8211; 2021 in eigener Praxis und f\u00fcr einige Jahre f\u00fcr die Gemeinde K\u00f6rle mit einem Eselprojekt.<\/p>\n<p><img decoding=\"async\" src=\"http:\/\/traumaberatung-nordhessen.de\/wp-content\/gallery\/allgemein\/pic_001.jpg\" alt=\"pic_001\"><\/p>\n","protected":false},"excerpt":{"rendered":"<p>&nbsp;&#8230; &nbsp; Zu meiner Person: Mein Name: Cornelia Umbach, geb. 1961 &nbsp; &nbsp; &nbsp; &nbsp; &nbsp; &nbsp; &nbsp; Meine Qualifikationen: Ausbildung als Erzieherin an der Fachschule f\u00fcr Sozialp\u00e4dagogik in Fritzlar 3 Jahre &#8211; 2 Jahre Schule \/ 1 Anerkennungsjahr Studium&#8230;<br \/><a class=\"read-more-button\" href=\"https:\/\/traumaberatung-nordhessen.de\/?page_id=13\">Mehr Lesen<\/a><\/p>\n","protected":false},"author":1,"featured_media":0,"parent":0,"menu_order":6,"comment_status":"closed","ping_status":"closed","template":"","meta":{"ngg_post_thumbnail":0,"footnotes":""},"class_list":["post-13","page","type-page","status-publish","hentry"],"_links":{"self":[{"href":"https:\/\/traumaberatung-nordhessen.de\/index.php?rest_route=\/wp\/v2\/pages\/13","targetHints":{"allow":["GET"]}}],"collection":[{"href":"https:\/\/traumaberatung-nordhessen.de\/index.php?rest_route=\/wp\/v2\/pages"}],"about":[{"href":"https:\/\/traumaberatung-nordhessen.de\/index.php?rest_route=\/wp\/v2\/types\/page"}],"author":[{"embeddable":true,"href":"https:\/\/traumaberatung-nordhessen.de\/index.php?rest_route=\/wp\/v2\/users\/1"}],"replies":[{"embeddable":true,"href":"https:\/\/traumaberatung-nordhessen.de\/index.php?rest_route=%2Fwp%2Fv2%2Fcomments&post=13"}],"version-history":[{"count":5,"href":"https:\/\/traumaberatung-nordhessen.de\/index.php?rest_route=\/wp\/v2\/pages\/13\/revisions"}],"predecessor-version":[{"id":1439,"href":"https:\/\/traumaberatung-nordhessen.de\/index.php?rest_route=\/wp\/v2\/pages\/13\/revisions\/1439"}],"wp:attachment":[{"href":"https:\/\/traumaberatung-nordhessen.de\/index.php?rest_route=%2Fwp%2Fv2%2Fmedia&parent=13"}],"curies":[{"name":"wp","href":"https:\/\/api.w.org\/{rel}","templated":true}]}}